{"id":97141,"date":"2021-12-06T04:57:14","date_gmt":"2021-12-06T04:57:14","guid":{"rendered":"https:\/\/themes.diviplus.io\/cleaning-services\/?page_id=15"},"modified":"2025-08-29T20:26:20","modified_gmt":"2025-08-29T20:26:20","slug":"home","status":"publish","type":"page","link":"https:\/\/grupoperam.com\/en\/","title":{"rendered":"Home"},"content":{"rendered":"<p>[et_pb_section fb_built=\u00bb1&#8243; fullwidth=\u00bbon\u00bb _builder_version=\u00bb4.23.1&#8243; _module_preset=\u00bbdefault\u00bb max_height_tablet=\u00bb\u00bb max_height_phone=\u00bb\u00bb max_height_last_edited=\u00bbon|phone\u00bb global_colors_info=\u00bb{}\u00bb][et_pb_fullwidth_slider show_pagination=\u00bboff\u00bb _builder_version=\u00bb4.27.4&#8243; _module_preset=\u00bbdefault\u00bb height_tablet=\u00bb\u00bb height_phone=\u00bb270px\u00bb height_last_edited=\u00bbon|phone\u00bb custom_padding=\u00bb285px||331px|||\u00bb auto=\u00bbon\u00bb auto_ignore_hover=\u00bbon\u00bb global_colors_info=\u00bb{}\u00bb][et_pb_slide _builder_version=\u00bb4.27.4&#8243; _module_preset=\u00bbdefault\u00bb background_image=\u00bbhttps:\/\/grupoperam.com\/wp-content\/uploads\/2025\/08\/lden.jpg\u00bb background_enable_image=\u00bbon\u00bb global_colors_info=\u00bb{}\u00bb sticky_transition=\u00bbon\u00bb][\/et_pb_slide][et_pb_slide _builder_version=\u00bb4.27.4&#8243; _module_preset=\u00bbdefault\u00bb background_enable_color=\u00bboff\u00bb background_image=\u00bbhttps:\/\/grupoperam.com\/wp-content\/uploads\/2025\/08\/premium-abc.jpg\u00bb background_enable_image=\u00bbon\u00bb global_colors_info=\u00bb{}\u00bb sticky_transition=\u00bbon\u00bb][\/et_pb_slide][et_pb_slide _builder_version=\u00bb4.23.1&#8243; _module_preset=\u00bbdefault\u00bb background_color=\u00bbrgba(0,10,0,0.33)\u00bb background_enable_color=\u00bbon\u00bb background_image=\u00bbhttps:\/\/grupoperam.com\/wp-content\/uploads\/2023\/12\/slide-carton.jpg\u00bb background_enable_image=\u00bbon\u00bb background_blend=\u00bboverlay\u00bb global_colors_info=\u00bb{}\u00bb sticky_transition=\u00bbon\u00bb][\/et_pb_slide][\/et_pb_fullwidth_slider][\/et_pb_section][et_pb_section fb_built=\u00bb1&#8243; custom_padding_last_edited=\u00bbon|tablet\u00bb _builder_version=\u00bb4.23.1&#8243; _module_preset=\u00bbdefault\u00bb positioning=\u00bbnone\u00bb z_index=\u00bb9&#8243; vertical_offset_tablet=\u00bb0px\u00bb vertical_offset_phone=\u00bb0px\u00bb vertical_offset_last_edited=\u00bbon|tablet\u00bb height_tablet=\u00bb\u00bb height_phone=\u00bb\u00bb height_last_edited=\u00bbon|phone\u00bb custom_padding=\u00bb0px||0px||false|false\u00bb custom_padding_tablet=\u00bb0px||0px||true|false\u00bb custom_padding_phone=\u00bb0px||0px||true|false\u00bb top_divider_color=\u00bb#B92B34&#8243; global_colors_info=\u00bb{}\u00bb][et_pb_row column_structure=\u00bb1_3,1_3,1_3&#8243; use_custom_gutter=\u00bbon\u00bb gutter_width=\u00bb2&#8243; _builder_version=\u00bb4.23.1&#8243; _module_preset=\u00bbdefault\u00bb position_origin_a=\u00bbtop_center\u00bb vertical_offset=\u00bb-130px\u00bb z_index=\u00bb9&#8243; vertical_offset_tablet=\u00bb-80px\u00bb vertical_offset_phone=\u00bb-50px\u00bb vertical_offset_last_edited=\u00bbon|tablet\u00bb position_origin_a_tablet=\u00bbtop_center\u00bb position_origin_a_phone=\u00bbtop_center\u00bb position_origin_a_last_edited=\u00bbon|tablet\u00bb position_origin_f_tablet=\u00bb\u00bb position_origin_f_phone=\u00bb\u00bb position_origin_f_last_edited=\u00bbon|tablet\u00bb position_origin_r_tablet=\u00bb\u00bb position_origin_r_phone=\u00bb\u00bb position_origin_r_last_edited=\u00bbon|tablet\u00bb width_tablet=\u00bb\u00bb width_phone=\u00bb\u00bb width_last_edited=\u00bbon|phone\u00bb max_height_tablet=\u00bb\u00bb max_height_phone=\u00bb\u00bb max_height_last_edited=\u00bbon|phone\u00bb custom_padding=\u00bb0px||0px||true|false\u00bb positioning_tablet=\u00bbrelative\u00bb positioning_phone=\u00bbrelative\u00bb positioning_last_edited=\u00bbon|phone\u00bb global_colors_info=\u00bb{}\u00bb][et_pb_column type=\u00bb1_3&#8243; _builder_version=\u00bb4.16&#8243; _module_preset=\u00bbdefault\u00bb global_colors_info=\u00bb{}\u00bb][dipl_flipbox front_title=\u00bbAlimentos\u00bb front_use_icon=\u00bbon\u00bb front_font_icon=\u00bb&#xf2e7;||fa||900&#8243; back_button_display=\u00bbon\u00bb back_button_text=\u00bbCont\u00e1ctenos\u00bb back_button_url=\u00bb@ET-DC@eyJkeW5hbWljIjp0cnVlLCJjb250ZW50IjoicG9zdF9saW5rX3VybF9wYWdlIiwic2V0dGluZ3MiOnsicG9zdF9pZCI6IjkxNjQwIn19@\u00bb front_background_color=\u00bb#B92B34&#8243; back_background_color=\u00bb#e0e0e0&#8243; back_image_max_width_tablet=\u00bb\u00bb back_image_max_width_phone=\u00bb\u00bb back_image_max_width_last_edited=\u00bbon|phone\u00bb content_max_width_tablet=\u00bb\u00bb content_max_width_phone=\u00bb\u00bb content_max_width_last_edited=\u00bbon|phone\u00bb flipbox_min_height_tablet=\u00bb\u00bb flipbox_min_height_phone=\u00bb\u00bb flipbox_min_height_last_edited=\u00bbon|phone\u00bb animation=\u00bboff\u00bb _builder_version=\u00bb4.27.4&#8243; _dynamic_attributes=\u00bbback_button_url\u00bb _module_preset=\u00bbdefault\u00bb front_header_text_color=\u00bb#FFFFFF\u00bb back_header_text_color=\u00bb#000000&#8243; back_body_font=\u00bb||||||||\u00bb back_body_text_color=\u00bb#000000&#8243; background_enable_color=\u00bboff\u00bb background_color_gradient_start=\u00bbrgba(238,238,238,0.4)\u00bb background_color_gradient_end=\u00bbrgba(238,238,238,0.4)\u00bb background_enable_image=\u00bboff\u00bb custom_back_button=\u00bbon\u00bb back_button_text_size=\u00bb16px\u00bb back_button_text_color=\u00bb#FFFFFF\u00bb back_button_bg_color=\u00bb#00A9DF\u00bb back_button_border_width=\u00bb0px\u00bb back_button_border_radius=\u00bb5px\u00bb back_button_use_icon=\u00bboff\u00bb custom_padding=\u00bb20px|20px|20px|20px|true|true\u00bb hover_enabled=\u00bb0&#8243; border_radii_front_box=\u00bbon|5px|5px|5px|5px\u00bb border_radii_back_box=\u00bbon|5px|5px|5px|5px\u00bb box_shadow_style_front_box=\u00bbpreset3&#8243; box_shadow_vertical_front_box=\u00bb10px\u00bb box_shadow_blur_front_box=\u00bb20px\u00bb box_shadow_spread_front_box=\u00bb0px\u00bb box_shadow_color_front_box=\u00bbrgba(7,23,72,0.4)\u00bb box_shadow_style_back_box=\u00bbpreset3&#8243; box_shadow_vertical_back_box=\u00bb10px\u00bb box_shadow_blur_back_box=\u00bb20px\u00bb box_shadow_spread_back_box=\u00bb0px\u00bb box_shadow_color_back_box=\u00bbrgba(251,214,72,0.2)\u00bb global_colors_info=\u00bb{}\u00bb back_button_text_color__hover_enabled=\u00bbon|hover\u00bb back_button_text_color__hover=\u00bb#000000&#8243; back_button_bg_color__hover_enabled=\u00bbon|hover\u00bb back_button_bg_color__hover=\u00bb#FFFFFF\u00bb back_button_bg_enable_color__hover=\u00bbon\u00bb background__hover_enabled=\u00bbon|hover\u00bb front_header_font=\u00bb|600|||||||\u00bb sticky_enabled=\u00bb0&#8243;]<span>Todo lo que necesitas para darle sabor a tus comidas: vinagres, salsas y aderezos que van con todo.<\/span>[\/dipl_flipbox][\/et_pb_column][et_pb_column type=\u00bb1_3&#8243; _builder_version=\u00bb4.16&#8243; _module_preset=\u00bbdefault\u00bb global_colors_info=\u00bb{}\u00bb][dipl_flipbox front_title=\u00bbAseo\u00bb front_use_icon=\u00bbon\u00bb front_font_icon=\u00bb&#xe06e;||fa||900&#8243; back_button_display=\u00bbon\u00bb back_button_text=\u00bbCont\u00e1ctenos\u00bb back_button_url=\u00bb@ET-DC@eyJkeW5hbWljIjp0cnVlLCJjb250ZW50IjoicG9zdF9saW5rX3VybF9wYWdlIiwic2V0dGluZ3MiOnsicG9zdF9pZCI6IjkxNjQwIn19@\u00bb front_background_color=\u00bb#B92B34&#8243; back_background_color=\u00bb#e0e0e0&#8243; animation=\u00bboff\u00bb _builder_version=\u00bb4.27.4&#8243; _dynamic_attributes=\u00bbback_button_url\u00bb _module_preset=\u00bbdefault\u00bb front_header_text_color=\u00bb#FFFFFF\u00bb back_header_text_color=\u00bb#000000&#8243; back_body_font=\u00bb|300|||||||\u00bb back_body_text_color=\u00bb#000000&#8243; background_enable_color=\u00bboff\u00bb background_color_gradient_start=\u00bbrgba(238,238,238,0.4)\u00bb background_color_gradient_end=\u00bbrgba(238,238,238,0.4)\u00bb background_enable_image=\u00bboff\u00bb custom_back_button=\u00bbon\u00bb back_button_text_size=\u00bb16px\u00bb back_button_text_color=\u00bb#FFFFFF\u00bb back_button_bg_color=\u00bb#00A9DF\u00bb back_button_border_width=\u00bb0px\u00bb back_button_border_radius=\u00bb5px\u00bb back_button_use_icon=\u00bboff\u00bb custom_padding=\u00bb20px|20px|20px|20px|true|true\u00bb border_radii_front_box=\u00bbon|5px|5px|5px|5px\u00bb border_radii_back_box=\u00bbon|5px|5px|5px|5px\u00bb box_shadow_style_front_box=\u00bbpreset3&#8243; box_shadow_vertical_front_box=\u00bb10px\u00bb box_shadow_blur_front_box=\u00bb20px\u00bb box_shadow_spread_front_box=\u00bb0px\u00bb box_shadow_color_front_box=\u00bbrgba(7,23,72,0.4)\u00bb box_shadow_style_back_box=\u00bbpreset3&#8243; box_shadow_vertical_back_box=\u00bb10px\u00bb box_shadow_blur_back_box=\u00bb20px\u00bb box_shadow_spread_back_box=\u00bb0px\u00bb box_shadow_color_back_box=\u00bbrgba(251,214,72,0.2)\u00bb global_colors_info=\u00bb{}\u00bb back_button_text_color__hover_enabled=\u00bbon|hover\u00bb back_button_text_color__hover=\u00bb#000000&#8243; back_button_bg_color__hover_enabled=\u00bbon|hover\u00bb back_button_bg_color__hover=\u00bb#FFFFFF\u00bb back_button_bg_enable_color__hover=\u00bbon\u00bb background__hover_enabled=\u00bbon|hover\u00bb front_header_font=\u00bb|600|||||||\u00bb]<span>Limpieza f\u00e1cil y efectiva con productos que no fallan: desinfectante, jab\u00f3n, blanqueador y m\u00e1s.<\/span>[\/dipl_flipbox][\/et_pb_column][et_pb_column type=\u00bb1_3&#8243; _builder_version=\u00bb4.16&#8243; _module_preset=\u00bbdefault\u00bb global_colors_info=\u00bb{}\u00bb][dipl_flipbox front_title=\u00bbEmpaques Sotenible\u00bb front_use_icon=\u00bbon\u00bb front_font_icon=\u00bb&#xf187;||fa||900&#8243; back_button_display=\u00bbon\u00bb back_button_text=\u00bbCont\u00e1ctenos\u00bb back_button_url=\u00bb@ET-DC@eyJkeW5hbWljIjp0cnVlLCJjb250ZW50IjoicG9zdF9saW5rX3VybF9wYWdlIiwic2V0dGluZ3MiOnsicG9zdF9pZCI6IjkxNjQwIn19@\u00bb front_background_color=\u00bb#B92B34&#8243; back_background_color=\u00bb#e0e0e0&#8243; animation=\u00bboff\u00bb _builder_version=\u00bb4.27.4&#8243; _dynamic_attributes=\u00bbback_button_url\u00bb _module_preset=\u00bbdefault\u00bb front_header_text_color=\u00bb#FFFFFF\u00bb back_header_text_color=\u00bb#000000&#8243; back_body_font=\u00bb|300|||||||\u00bb back_body_text_color=\u00bb#000000&#8243; background_enable_color=\u00bboff\u00bb background_color_gradient_start=\u00bbrgba(238,238,238,0.4)\u00bb background_color_gradient_end=\u00bbrgba(238,238,238,0.4)\u00bb background_enable_image=\u00bboff\u00bb custom_back_button=\u00bbon\u00bb back_button_text_size=\u00bb16px\u00bb back_button_text_color=\u00bb#FFFFFF\u00bb back_button_bg_color=\u00bb#00A9DF\u00bb back_button_border_width=\u00bb0px\u00bb back_button_border_radius=\u00bb5px\u00bb back_button_use_icon=\u00bboff\u00bb custom_padding=\u00bb20px|20px|20px|20px|true|true\u00bb border_radii_front_box=\u00bbon|5px|5px|5px|5px\u00bb border_radii_back_box=\u00bbon|5px|5px|5px|5px\u00bb box_shadow_style_front_box=\u00bbpreset3&#8243; box_shadow_vertical_front_box=\u00bb10px\u00bb box_shadow_blur_front_box=\u00bb20px\u00bb box_shadow_spread_front_box=\u00bb0px\u00bb box_shadow_color_front_box=\u00bbrgba(7,23,72,0.4)\u00bb box_shadow_style_back_box=\u00bbpreset3&#8243; box_shadow_vertical_back_box=\u00bb10px\u00bb box_shadow_blur_back_box=\u00bb20px\u00bb box_shadow_spread_back_box=\u00bb0px\u00bb box_shadow_color_back_box=\u00bbrgba(251,214,72,0.2)\u00bb global_colors_info=\u00bb{}\u00bb back_button_text_color__hover_enabled=\u00bbon|hover\u00bb back_button_text_color__hover=\u00bb#000000&#8243; back_button_bg_color__hover_enabled=\u00bbon|hover\u00bb back_button_bg_color__hover=\u00bb#FFFFFF\u00bb back_button_bg_enable_color__hover=\u00bbon\u00bb background__hover_enabled=\u00bbon|hover\u00bb front_header_font=\u00bb|600|||||||\u00bb]<span>Cajas de cart\u00f3n corrugado con materiales reciclados, ideales para empacar, almacenar y cuidar el planeta.<\/span>[\/dipl_flipbox][\/et_pb_column][\/et_pb_row][\/et_pb_section][et_pb_section fb_built=\u00bb1&#8243; custom_padding_last_edited=\u00bbon|tablet\u00bb _builder_version=\u00bb4.23.1&#8243; _module_preset=\u00bbdefault\u00bb custom_margin=\u00bb||||false|false\u00bb custom_padding=\u00bb0px||36px||false|false\u00bb custom_padding_tablet=\u00bb0px||50px||false|false\u00bb custom_padding_phone=\u00bb||0px||false|false\u00bb animation_style=\u00bbslide\u00bb global_colors_info=\u00bb{}\u00bb][et_pb_row column_structure=\u00bb3_5,2_5&#8243; custom_padding_last_edited=\u00bbon|tablet\u00bb _builder_version=\u00bb4.16&#8243; _module_preset=\u00bbdefault\u00bb custom_padding=\u00bb0px||0px||true|false\u00bb custom_padding_tablet=\u00bb0px||0px||true|false\u00bb custom_padding_phone=\u00bb0px||0px||true|false\u00bb custom_css_main_element=\u00bbdisplay: flex;||flex-wrap: wrap;||align-items: center;\u00bb global_colors_info=\u00bb{}\u00bb][et_pb_column type=\u00bb3_5&#8243; _builder_version=\u00bb4.16&#8243; _module_preset=\u00bbdefault\u00bb global_colors_info=\u00bb{}\u00bb custom_css_main_element_last_edited=\u00bbon|phone\u00bb custom_css_main_element_phone=\u00bbmargin-bottom: 15px;\u00bb][et_pb_text _builder_version=\u00bb4.27.4&#8243; _module_preset=\u00bbdefault\u00bb custom_margin=\u00bb||7px|||\u00bb hover_enabled=\u00bb0&#8243; header_2_font_size_tablet=\u00bb\u00bb header_2_font_size_phone=\u00bb19px\u00bb header_2_font_size_last_edited=\u00bbon|phone\u00bb global_colors_info=\u00bb{}\u00bb header_2_font=\u00bb|800|||||||\u00bb header_2_text_color=\u00bb#B92B34&#8243; sticky_enabled=\u00bb0&#8243;]<\/p>\n<h2>Acerca de Grupo Peram S.A.S.<\/h2>\n<p>[\/et_pb_text][dipl_separator separator_type=\u00bbdipl_shadow\u00bb seprator_thickness=\u00bb6px\u00bb separator_color=\u00bb#B92B34&#8243; _builder_version=\u00bb4.23.1&#8243; _module_preset=\u00bbdefault\u00bb title_text_align=\u00bbleft\u00bb body_text_align=\u00bbleft\u00bb background_color=\u00bbRGBA(255,255,255,0)\u00bb max_width=\u00bb30%\u00bb global_colors_info=\u00bb{}\u00bb][\/dipl_separator][et_pb_text _builder_version=\u00bb4.27.4&#8243; _module_preset=\u00bbdefault\u00bb text_font=\u00bb|300|||||||\u00bb text_orientation=\u00bbjustified\u00bb global_colors_info=\u00bb{}\u00bb]<\/p>\n<p><strong>Crecer, crear, avanzar: la f\u00f3rmula Peram.<\/strong><\/p>\n<p>En<strong> Grupo Peram<\/strong> somos un equipo joven y diverso que transforma ideas en productos reales y de calidad. Creemos en el talento de las personas, en superar l\u00edmites y en crecer juntos. Desde la Costa Caribe trabajamos con innovaci\u00f3n, resiliencia y visi\u00f3n global para Colombia y el mundo<\/p>\n<p>[\/et_pb_text][dipl_button inline_buttons=\u00bbon\u00bb _builder_version=\u00bb4.23.1&#8243; _module_preset=\u00bbdefault\u00bb button_font_size=\u00bb16px\u00bb locked=\u00bboff\u00bb global_colors_info=\u00bb{}\u00bb][dipl_button_item button_text=\u00bbLeer m\u00e1s\u00bb button_url=\u00bb@ET-DC@eyJkeW5hbWljIjp0cnVlLCJjb250ZW50IjoicG9zdF9saW5rX3VybF9wYWdlIiwic2V0dGluZ3MiOnsicG9zdF9pZCI6Ijk5ODc5In19@\u00bb background_fill_style=\u00bbhorizontal_shutter_fill\u00bb button_bg_color=\u00bb#B92B34&#8243; button_custom_padding=\u00bb12px|30px|12px|30px|true|true\u00bb _builder_version=\u00bb4.23.1&#8243; _dynamic_attributes=\u00bbbutton_url\u00bb _module_preset=\u00bbdefault\u00bb button_text_color=\u00bb#FFFFFF\u00bb border_radii=\u00bbon|5px|5px|5px|5px\u00bb global_colors_info=\u00bb{}\u00bb button_bg_color__hover_enabled=\u00bbon|hover\u00bb button_bg_enable_color__hover=\u00bbon\u00bb button_bg_color__hover=\u00bb#00A9DF\u00bb button_text_color__hover_enabled=\u00bbon|hover\u00bb button_text_color__hover=\u00bb#000000&#8243; border_color_all__hover_enabled=\u00bboff|desktop\u00bb border_color_all__hover=\u00bb#FFFFFF\u00bb][\/dipl_button_item][\/dipl_button][\/et_pb_column][et_pb_column type=\u00bb2_5&#8243; _builder_version=\u00bb4.16&#8243; _module_preset=\u00bbdefault\u00bb global_colors_info=\u00bb{}\u00bb][et_pb_image src=\u00bbhttps:\/\/grupoperam.com\/wp-content\/uploads\/2025\/08\/productos.jpg\u00bb alt=\u00bbproductos\u00bb title_text=\u00bbproductos\u00bb _builder_version=\u00bb4.27.4&#8243; _module_preset=\u00bbdefault\u00bb border_radii=\u00bbon|10px|10px|10px|10px\u00bb box_shadow_style=\u00bbpreset2&#8243; global_colors_info=\u00bb{}\u00bb][\/et_pb_image][\/et_pb_column][\/et_pb_row][\/et_pb_section][et_pb_section fb_built=\u00bb1&#8243; _builder_version=\u00bb4.23.1&#8243; _module_preset=\u00bbdefault\u00bb custom_padding=\u00bb24px||117px|||\u00bb animation_style=\u00bbslide\u00bb animation_direction=\u00bbleft\u00bb global_module=\u00bb100044&#8243; saved_tabs=\u00bball\u00bb global_colors_info=\u00bb{}\u00bb][et_pb_row _builder_version=\u00bb4.23.1&#8243; _module_preset=\u00bbdefault\u00bb custom_padding=\u00bb27px||12px|||\u00bb global_colors_info=\u00bb{}\u00bb][et_pb_column type=\u00bb4_4&#8243; _builder_version=\u00bb4.23.1&#8243; _module_preset=\u00bbdefault\u00bb global_colors_info=\u00bb{}\u00bb][et_pb_text _builder_version=\u00bb4.27.4&#8243; _module_preset=\u00bbdefault\u00bb custom_margin=\u00bb||7px|||\u00bb hover_enabled=\u00bb0&#8243; header_2_font_size_tablet=\u00bb\u00bb header_2_font_size_phone=\u00bb19px\u00bb header_2_font_size_last_edited=\u00bbon|phone\u00bb global_colors_info=\u00bb{}\u00bb header_2_font=\u00bb|800|||||||\u00bb header_2_text_color=\u00bb#B92B34&#8243; sticky_enabled=\u00bb0&#8243;]<\/p>\n<h2>Nuestras Marcas<\/h2>\n<p>[\/et_pb_text][dipl_separator separator_type=\u00bbdipl_shadow\u00bb seprator_thickness=\u00bb6px\u00bb separator_color=\u00bb#B92B34&#8243; _builder_version=\u00bb4.23.1&#8243; _module_preset=\u00bbdefault\u00bb title_text_align=\u00bbleft\u00bb body_text_align=\u00bbleft\u00bb background_color=\u00bbRGBA(255,255,255,0)\u00bb max_width=\u00bb30%\u00bb global_colors_info=\u00bb{}\u00bb][\/dipl_separator][\/et_pb_column][\/et_pb_row][et_pb_row column_structure=\u00bb1_4,1_4,1_4,1_4&#8243; _builder_version=\u00bb4.23.1&#8243; _module_preset=\u00bbdefault\u00bb custom_margin=\u00bb0px||0px||true|false\u00bb global_colors_info=\u00bb{}\u00bb][et_pb_column type=\u00bb1_4&#8243; _builder_version=\u00bb4.23.1&#8243; _module_preset=\u00bbdefault\u00bb global_colors_info=\u00bb{}\u00bb][et_pb_image src=\u00bbhttps:\/\/grupoperam.com\/wp-content\/uploads\/2023\/12\/leden.png\u00bb title_text=\u00bbleden\u00bb url=\u00bbhttps:\/\/www.instagram.com\/ledenalimentos\/\u00bb url_new_window=\u00bbon\u00bb align=\u00bbcenter\u00bb _builder_version=\u00bb4.24.2&#8243; _module_preset=\u00bbdefault\u00bb global_colors_info=\u00bb{}\u00bb][\/et_pb_image][\/et_pb_column][et_pb_column type=\u00bb1_4&#8243; _builder_version=\u00bb4.23.1&#8243; _module_preset=\u00bbdefault\u00bb global_colors_info=\u00bb{}\u00bb][et_pb_image src=\u00bbhttps:\/\/grupoperam.com\/wp-content\/uploads\/2023\/12\/premium-abc.png\u00bb title_text=\u00bbpremium-abc\u00bb align=\u00bbcenter\u00bb _builder_version=\u00bb4.23.1&#8243; _module_preset=\u00bbdefault\u00bb global_colors_info=\u00bb{}\u00bb][\/et_pb_image][\/et_pb_column][et_pb_column type=\u00bb1_4&#8243; _builder_version=\u00bb4.23.1&#8243; _module_preset=\u00bbdefault\u00bb global_colors_info=\u00bb{}\u00bb][et_pb_image src=\u00bbhttps:\/\/grupoperam.com\/wp-content\/uploads\/2023\/12\/mas.png\u00bb title_text=\u00bbmas\u00bb align=\u00bbcenter\u00bb _builder_version=\u00bb4.24.2&#8243; _module_preset=\u00bbdefault\u00bb global_colors_info=\u00bb{}\u00bb][\/et_pb_image][\/et_pb_column][et_pb_column type=\u00bb1_4&#8243; _builder_version=\u00bb4.23.1&#8243; _module_preset=\u00bbdefault\u00bb global_colors_info=\u00bb{}\u00bb][et_pb_image src=\u00bbhttps:\/\/grupoperam.com\/wp-content\/uploads\/2024\/03\/fertiland.jpg\u00bb alt=\u00bbIndustrias Fertiland\u00bb title_text=\u00bbfertiland\u00bb url=\u00bbhttps:\/\/industriasfertiland.com\/\u00bb url_new_window=\u00bbon\u00bb align=\u00bbcenter\u00bb _builder_version=\u00bb4.24.2&#8243; _module_preset=\u00bbdefault\u00bb global_colors_info=\u00bb{}\u00bb][\/et_pb_image][\/et_pb_column][\/et_pb_row][\/et_pb_section]<\/p>\n","protected":false},"excerpt":{"rendered":"<div class=\"et_pb_module dipl_flipbox dipl_flipbox_0\">\n\t\t\t\t\n\t\t\t\t\n\t\t\t\t\n\t\t\t\t\n\t\t\t\t\n\t\t\t\t\n\t\t\t\t<div class=\"et_pb_module_inner\">\n\t\t\t\t\t<div class=\"dipl_flipbox_wrapper layout1\" flip-direction=\"top\">\n\t\t\t\t\t\t<div class=\"flipbox_side flipbox_front flipbox_position_top flipbox_content_center\">\n\t\t\t\t\t\t\t<div class=\"flipbox_inner\"><div class=\"et_pb_main_flipbox_image use_icon\"><span class=\"et-pb-icon et-waypoint et_pb_animation_\u00bboff\u00bb\" style=\"color: #00a9df;\"><\/span><\/div><div class=\"flipbox_front_content_wrapper\"><div class=\"et_pb_flipbox_heading\"><h4 class=\"et_pb_module_header\">\u00bbAlimentos\u00bb<\/h4><\/div><\/div>\n\t\t\t\t\t\t\t<\/div>\n\t\t\t\t\t\t<\/div>\n\t\t\t\t\t\t<div class=\"flipbox_side flipbox_back flipbox_position_top flipbox_content_center\">\n\t\t\t\t\t\t\t<div class=\"flipbox_inner\"><div class=\"flipbox_back_content_wrapper\"><div class=\"et_pb_flipbox_button_back\"><div class=\"et_pb_button_wrapper\"><a class=\"et_pb_button\" href=\"http:\/\/\u00bb\u00bb\">\u00bbCont\u00e1ctenos\u00bb<\/a><\/div><\/div><\/div>\n\t\t\t\t\t\t\t<\/div>\n\t\t\t\t\t\t<\/div>\n\t\t\t\t\t<\/div>\n\t\t\t\t<\/div>\n\t\t\t<\/div>","protected":false},"author":1,"featured_media":0,"parent":0,"menu_order":0,"comment_status":"closed","ping_status":"closed","template":"","meta":{"_et_pb_use_builder":"on","_et_pb_old_content":"","_et_gb_content_width":"","footnotes":""},"class_list":["post-97141","page","type-page","status-publish","hentry"],"_links":{"self":[{"href":"https:\/\/grupoperam.com\/en\/wp-json\/wp\/v2\/pages\/97141","targetHints":{"allow":["GET"]}}],"collection":[{"href":"https:\/\/grupoperam.com\/en\/wp-json\/wp\/v2\/pages"}],"about":[{"href":"https:\/\/grupoperam.com\/en\/wp-json\/wp\/v2\/types\/page"}],"author":[{"embeddable":true,"href":"https:\/\/grupoperam.com\/en\/wp-json\/wp\/v2\/users\/1"}],"replies":[{"embeddable":true,"href":"https:\/\/grupoperam.com\/en\/wp-json\/wp\/v2\/comments?post=97141"}],"version-history":[{"count":37,"href":"https:\/\/grupoperam.com\/en\/wp-json\/wp\/v2\/pages\/97141\/revisions"}],"predecessor-version":[{"id":100199,"href":"https:\/\/grupoperam.com\/en\/wp-json\/wp\/v2\/pages\/97141\/revisions\/100199"}],"wp:attachment":[{"href":"https:\/\/grupoperam.com\/en\/wp-json\/wp\/v2\/media?parent=97141"}],"curies":[{"name":"wp","href":"https:\/\/api.w.org\/{rel}","templated":true}]}}